{"id":4498,"date":"2024-08-06T11:28:39","date_gmt":"2024-08-06T04:28:39","guid":{"rendered":"https:\/\/code.webrt.net\/madmehuong\/?post_type=product&#038;p=4498"},"modified":"2024-10-07T14:33:32","modified_gmt":"2024-10-07T07:33:32","slug":"phan-dinh-phung-pho-4","status":"publish","type":"product","link":"https:\/\/banhtrungthu3.themedep.top\/?product=phan-dinh-phung-pho-4","title":{"rendered":"Phan \u0110\u00ecnh Ph\u00f9ng Ph\u1ed1"},"content":{"rendered":"<p><img loading=\"lazy\" decoding=\"async\" class=\"aligncenter size-full wp-image-4499\" src=\"https:\/\/code.webrt.net\/madmehuong\/wp-content\/uploads\/2024\/08\/z5675927217298_7b3cf27cf94eeb0efae21a4076b8b525.jpg\" alt=\"\" width=\"1654\" height=\"1275\" srcset=\"https:\/\/banhtrungthu3.themedep.top\/wp-content\/uploads\/2024\/08\/z5675927217298_7b3cf27cf94eeb0efae21a4076b8b525.jpg 1654w, https:\/\/banhtrungthu3.themedep.top\/wp-content\/uploads\/2024\/08\/z5675927217298_7b3cf27cf94eeb0efae21a4076b8b525-519x400.jpg 519w, https:\/\/banhtrungthu3.themedep.top\/wp-content\/uploads\/2024\/08\/z5675927217298_7b3cf27cf94eeb0efae21a4076b8b525-1038x800.jpg 1038w, https:\/\/banhtrungthu3.themedep.top\/wp-content\/uploads\/2024\/08\/z5675927217298_7b3cf27cf94eeb0efae21a4076b8b525-768x592.jpg 768w, https:\/\/banhtrungthu3.themedep.top\/wp-content\/uploads\/2024\/08\/z5675927217298_7b3cf27cf94eeb0efae21a4076b8b525-1536x1184.jpg 1536w, https:\/\/banhtrungthu3.themedep.top\/wp-content\/uploads\/2024\/08\/z5675927217298_7b3cf27cf94eeb0efae21a4076b8b525-1000x771.jpg 1000w\" sizes=\"(max-width: 1654px) 100vw, 1654px\" \/><\/p>\n","protected":false},"excerpt":{"rendered":"<p>H\u1ed9p 6 b\u00e1nh x 120g, Sen x\u00e1t tr\u1ee9ng mu\u1ed1i, tr\u00e0 xanh tr\u1ee9ng mu\u1ed1i, s\u1eefa d\u1eeba tr\u1ee9ng mu\u1ed1i, \u0111\u1eadu xanh tr\u1ee9ng mu\u1ed1i, c\u1ed1m xanh tr\u1ee9ng mu\u1ed1i, h\u1ea1t d\u1ebb tr\u1ee9ng mu\u1ed1i<\/p>\n","protected":false},"featured_media":4499,"comment_status":"open","ping_status":"closed","template":"","meta":{"_acf_changed":false},"product_cat":[151,149,148,147,146,136,135,120,122,118,127,137,121,143,145,134,108,133,124,131,144,105,104,109,110,117,119,15,130,132],"product_tag":[],"acf":[],"_links":{"self":[{"href":"https:\/\/banhtrungthu3.themedep.top\/index.php?rest_route=\/wp\/v2\/product\/4498"}],"collection":[{"href":"https:\/\/banhtrungthu3.themedep.top\/index.php?rest_route=\/wp\/v2\/product"}],"about":[{"href":"https:\/\/banhtrungthu3.themedep.top\/index.php?rest_route=\/wp\/v2\/types\/product"}],"replies":[{"embeddable":true,"href":"https:\/\/banhtrungthu3.themedep.top\/index.php?rest_route=%2Fwp%2Fv2%2Fcomments&post=4498"}],"wp:featuredmedia":[{"embeddable":true,"href":"https:\/\/banhtrungthu3.themedep.top\/index.php?rest_route=\/wp\/v2\/media\/4499"}],"wp:attachment":[{"href":"https:\/\/banhtrungthu3.themedep.top\/index.php?rest_route=%2Fwp%2Fv2%2Fmedia&parent=4498"}],"wp:term":[{"taxonomy":"product_cat","embeddable":true,"href":"https:\/\/banhtrungthu3.themedep.top\/index.php?rest_route=%2Fwp%2Fv2%2Fproduct_cat&post=4498"},{"taxonomy":"product_tag","embeddable":true,"href":"https:\/\/banhtrungthu3.themedep.top\/index.php?rest_route=%2Fwp%2Fv2%2Fproduct_tag&post=4498"}],"curies":[{"name":"wp","href":"https:\/\/api.w.org\/{rel}","templated":true}]}}