{"id":4457,"date":"2024-08-06T10:57:58","date_gmt":"2024-08-06T03:57:58","guid":{"rendered":"https:\/\/code.webrt.net\/madmehuong\/?post_type=product&#038;p=4457"},"modified":"2024-10-07T14:33:32","modified_gmt":"2024-10-07T07:33:32","slug":"hang-dao-pho-4","status":"publish","type":"product","link":"https:\/\/banhtrungthu3.themedep.top\/?product=hang-dao-pho-4","title":{"rendered":"H\u00e0ng \u0110\u00e0o Ph\u1ed1"},"content":{"rendered":"<p><img loading=\"lazy\" decoding=\"async\" class=\"aligncenter size-full wp-image-4458\" src=\"https:\/\/code.webrt.net\/madmehuong\/wp-content\/uploads\/2024\/08\/z5675927146161_1343d40a4974800f997c3ca17d9d06be.jpg\" alt=\"\" width=\"2236\" height=\"1425\" srcset=\"https:\/\/banhtrungthu3.themedep.top\/wp-content\/uploads\/2024\/08\/z5675927146161_1343d40a4974800f997c3ca17d9d06be.jpg 2236w, https:\/\/banhtrungthu3.themedep.top\/wp-content\/uploads\/2024\/08\/z5675927146161_1343d40a4974800f997c3ca17d9d06be-628x400.jpg 628w, https:\/\/banhtrungthu3.themedep.top\/wp-content\/uploads\/2024\/08\/z5675927146161_1343d40a4974800f997c3ca17d9d06be-1255x800.jpg 1255w, https:\/\/banhtrungthu3.themedep.top\/wp-content\/uploads\/2024\/08\/z5675927146161_1343d40a4974800f997c3ca17d9d06be-768x489.jpg 768w, https:\/\/banhtrungthu3.themedep.top\/wp-content\/uploads\/2024\/08\/z5675927146161_1343d40a4974800f997c3ca17d9d06be-1536x979.jpg 1536w, https:\/\/banhtrungthu3.themedep.top\/wp-content\/uploads\/2024\/08\/z5675927146161_1343d40a4974800f997c3ca17d9d06be-2048x1305.jpg 2048w, https:\/\/banhtrungthu3.themedep.top\/wp-content\/uploads\/2024\/08\/z5675927146161_1343d40a4974800f997c3ca17d9d06be-1000x637.jpg 1000w\" sizes=\"(max-width: 2236px) 100vw, 2236px\" \/><img loading=\"lazy\" decoding=\"async\" class=\"aligncenter size-full wp-image-4459\" src=\"https:\/\/code.webrt.net\/madmehuong\/wp-content\/uploads\/2024\/08\/z5675927151358_dfed162c5cce6ce662f42159c75b8712.jpg\" alt=\"\" width=\"1923\" height=\"1799\" srcset=\"https:\/\/banhtrungthu3.themedep.top\/wp-content\/uploads\/2024\/08\/z5675927151358_dfed162c5cce6ce662f42159c75b8712.jpg 1923w, https:\/\/banhtrungthu3.themedep.top\/wp-content\/uploads\/2024\/08\/z5675927151358_dfed162c5cce6ce662f42159c75b8712-428x400.jpg 428w, https:\/\/banhtrungthu3.themedep.top\/wp-content\/uploads\/2024\/08\/z5675927151358_dfed162c5cce6ce662f42159c75b8712-855x800.jpg 855w, https:\/\/banhtrungthu3.themedep.top\/wp-content\/uploads\/2024\/08\/z5675927151358_dfed162c5cce6ce662f42159c75b8712-768x718.jpg 768w, https:\/\/banhtrungthu3.themedep.top\/wp-content\/uploads\/2024\/08\/z5675927151358_dfed162c5cce6ce662f42159c75b8712-1536x1437.jpg 1536w, https:\/\/banhtrungthu3.themedep.top\/wp-content\/uploads\/2024\/08\/z5675927151358_dfed162c5cce6ce662f42159c75b8712-1000x936.jpg 1000w\" sizes=\"(max-width: 1923px) 100vw, 1923px\" \/> <img loading=\"lazy\" decoding=\"async\" class=\"aligncenter size-full wp-image-4460\" src=\"https:\/\/code.webrt.net\/madmehuong\/wp-content\/uploads\/2024\/08\/z5675927195016_efe229ebfbe551a120d7defa818a0494.jpg\" alt=\"\" width=\"1654\" height=\"1275\" srcset=\"https:\/\/banhtrungthu3.themedep.top\/wp-content\/uploads\/2024\/08\/z5675927195016_efe229ebfbe551a120d7defa818a0494.jpg 1654w, https:\/\/banhtrungthu3.themedep.top\/wp-content\/uploads\/2024\/08\/z5675927195016_efe229ebfbe551a120d7defa818a0494-519x400.jpg 519w, https:\/\/banhtrungthu3.themedep.top\/wp-content\/uploads\/2024\/08\/z5675927195016_efe229ebfbe551a120d7defa818a0494-1038x800.jpg 1038w, https:\/\/banhtrungthu3.themedep.top\/wp-content\/uploads\/2024\/08\/z5675927195016_efe229ebfbe551a120d7defa818a0494-768x592.jpg 768w, https:\/\/banhtrungthu3.themedep.top\/wp-content\/uploads\/2024\/08\/z5675927195016_efe229ebfbe551a120d7defa818a0494-1536x1184.jpg 1536w, https:\/\/banhtrungthu3.themedep.top\/wp-content\/uploads\/2024\/08\/z5675927195016_efe229ebfbe551a120d7defa818a0494-1000x771.jpg 1000w\" sizes=\"(max-width: 1654px) 100vw, 1654px\" \/> <img loading=\"lazy\" decoding=\"async\" class=\"aligncenter size-full wp-image-4461\" src=\"https:\/\/code.webrt.net\/madmehuong\/wp-content\/uploads\/2024\/08\/z5675927202026_6ad22268a28c6de689a56f6a4cb31484.jpg\" alt=\"\" width=\"1920\" height=\"1080\" srcset=\"https:\/\/banhtrungthu3.themedep.top\/wp-content\/uploads\/2024\/08\/z5675927202026_6ad22268a28c6de689a56f6a4cb31484.jpg 1920w, https:\/\/banhtrungthu3.themedep.top\/wp-content\/uploads\/2024\/08\/z5675927202026_6ad22268a28c6de689a56f6a4cb31484-711x400.jpg 711w, https:\/\/banhtrungthu3.themedep.top\/wp-content\/uploads\/2024\/08\/z5675927202026_6ad22268a28c6de689a56f6a4cb31484-1400x788.jpg 1400w, https:\/\/banhtrungthu3.themedep.top\/wp-content\/uploads\/2024\/08\/z5675927202026_6ad22268a28c6de689a56f6a4cb31484-768x432.jpg 768w, https:\/\/banhtrungthu3.themedep.top\/wp-content\/uploads\/2024\/08\/z5675927202026_6ad22268a28c6de689a56f6a4cb31484-1536x864.jpg 1536w, https:\/\/banhtrungthu3.themedep.top\/wp-content\/uploads\/2024\/08\/z5675927202026_6ad22268a28c6de689a56f6a4cb31484-1000x563.jpg 1000w\" sizes=\"(max-width: 1920px) 100vw, 1920px\" \/><\/p>\n","protected":false},"excerpt":{"rendered":"<p>H\u1ed9p 6 b\u00e1nh x 80g, Sen x\u00e1t tr\u1ee9ng mu\u1ed1i, tr\u00e0 xanh tr\u1ee9ng mu\u1ed1i, s\u1eefa d\u1eeba tr\u1ee9ng mu\u1ed1i, \u0111\u1eadu xanh tr\u1ee9ng mu\u1ed1i, c\u1ed1m xanh tr\u1ee9ng mu\u1ed1i, h\u1ea1t d\u1ebb tr\u1ee9ng mu\u1ed1i.<\/p>\n","protected":false},"featured_media":4460,"comment_status":"open","ping_status":"closed","template":"","meta":{"_acf_changed":false},"product_cat":[151,149,148,147,146,136,135,120,122,118,127,137,121,143,145,134,108,133,124,131,144,105,104,109,110,117,119,15,130,132],"product_tag":[],"acf":[],"_links":{"self":[{"href":"https:\/\/banhtrungthu3.themedep.top\/index.php?rest_route=\/wp\/v2\/product\/4457"}],"collection":[{"href":"https:\/\/banhtrungthu3.themedep.top\/index.php?rest_route=\/wp\/v2\/product"}],"about":[{"href":"https:\/\/banhtrungthu3.themedep.top\/index.php?rest_route=\/wp\/v2\/types\/product"}],"replies":[{"embeddable":true,"href":"https:\/\/banhtrungthu3.themedep.top\/index.php?rest_route=%2Fwp%2Fv2%2Fcomments&post=4457"}],"wp:featuredmedia":[{"embeddable":true,"href":"https:\/\/banhtrungthu3.themedep.top\/index.php?rest_route=\/wp\/v2\/media\/4460"}],"wp:attachment":[{"href":"https:\/\/banhtrungthu3.themedep.top\/index.php?rest_route=%2Fwp%2Fv2%2Fmedia&parent=4457"}],"wp:term":[{"taxonomy":"product_cat","embeddable":true,"href":"https:\/\/banhtrungthu3.themedep.top\/index.php?rest_route=%2Fwp%2Fv2%2Fproduct_cat&post=4457"},{"taxonomy":"product_tag","embeddable":true,"href":"https:\/\/banhtrungthu3.themedep.top\/index.php?rest_route=%2Fwp%2Fv2%2Fproduct_tag&post=4457"}],"curies":[{"name":"wp","href":"https:\/\/api.w.org\/{rel}","templated":true}]}}