{"id":744,"date":"2019-05-02T03:12:32","date_gmt":"2019-05-02T03:12:32","guid":{"rendered":"http:\/\/oharaflora.com\/?page_id=744"},"modified":"2019-05-02T03:12:41","modified_gmt":"2019-05-02T03:12:41","slug":"chinh-sach-ban-hang","status":"publish","type":"page","link":"https:\/\/banhtrungthu3.themedep.top\/?page_id=744","title":{"rendered":"Ch\u00ednh s\u00e1ch b\u00e1n h\u00e0ng"},"content":{"rendered":"<p>\u0110ang c\u1eadp nh\u1eadt&#8230;<\/p>\n","protected":false},"excerpt":{"rendered":"<p>\u0110ang c\u1eadp nh\u1eadt&#8230;<\/p>\n","protected":false},"author":1,"featured_media":0,"parent":0,"menu_order":5,"comment_status":"closed","ping_status":"closed","template":"","meta":{"_acf_changed":false,"footnotes":""},"acf":[],"_links":{"self":[{"href":"https:\/\/banhtrungthu3.themedep.top\/index.php?rest_route=\/wp\/v2\/pages\/744"}],"collection":[{"href":"https:\/\/banhtrungthu3.themedep.top\/index.php?rest_route=\/wp\/v2\/pages"}],"about":[{"href":"https:\/\/banhtrungthu3.themedep.top\/index.php?rest_route=\/wp\/v2\/types\/page"}],"author":[{"embeddable":true,"href":"https:\/\/banhtrungthu3.themedep.top\/index.php?rest_route=\/wp\/v2\/users\/1"}],"replies":[{"embeddable":true,"href":"https:\/\/banhtrungthu3.themedep.top\/index.php?rest_route=%2Fwp%2Fv2%2Fcomments&post=744"}],"version-history":[{"count":1,"href":"https:\/\/banhtrungthu3.themedep.top\/index.php?rest_route=\/wp\/v2\/pages\/744\/revisions"}],"predecessor-version":[{"id":745,"href":"https:\/\/banhtrungthu3.themedep.top\/index.php?rest_route=\/wp\/v2\/pages\/744\/revisions\/745"}],"wp:attachment":[{"href":"https:\/\/banhtrungthu3.themedep.top\/index.php?rest_route=%2Fwp%2Fv2%2Fmedia&parent=744"}],"curies":[{"name":"wp","href":"https:\/\/api.w.org\/{rel}","templated":true}]}}